{"id":2188,"date":"2022-04-14T12:29:24","date_gmt":"2022-04-14T10:29:24","guid":{"rendered":"https:\/\/therackvalet.com\/?post_type=product&#038;p=2188"},"modified":"2023-04-10T09:36:24","modified_gmt":"2023-04-10T07:36:24","slug":"shorty-woodland-vision-ii","status":"publish","type":"product","link":"https:\/\/therackvalet.com\/en\/product\/shorty-woodland-vision-ii\/","title":{"rendered":"SHORTY WOODLAND"},"content":{"rendered":"<h2 class=\"h2\"><b>L\u2019<\/b><b>accessoire incontournable<\/b><b> pour vos s\u00e9ances de sport !\u00a0<\/b><\/h2>\n<p style=\"padding-left: 40px;\"><span style=\"font-weight: 400;\">Inspir\u00e9 des <\/span><i><span style=\"font-weight: 400;\">Tool Roll <\/span><\/i><span style=\"font-weight: 400;\">militaires, The Rack Valet \u00ae est un concept <\/span><span style=\"font-weight: 400;\">innovant<\/span><span style=\"font-weight: 400;\"> et brevet\u00e9. <\/span><span style=\"font-weight: 400;\">Bient\u00f4t, vous ne pourrez plus vous passer pour vos s\u00e9ances de fitness, musculation\u2026<\/span><\/p>\n<p style=\"padding-left: 40px;\"><span style=\"font-weight: 400;\">Plus petit, plus esth\u00e9tique et plus pratique, The Rack Valet \u00ae a tout pour d\u00e9tr\u00f4ner votre <\/span><span style=\"font-weight: 400;\">sac de sport<\/span><span style=\"font-weight: 400;\"> classique.<\/span><\/p>\n<p>&nbsp;<\/p>\n<h3 class=\"h3\"><small class=\"small\"><b>Le <\/b><b>sac de sport magn\u00e9tique tendance<\/b><b> et <\/b><b>innovant<\/b><b>.\u00a0<\/b><\/small><\/h3>\n<p style=\"padding-left: 40px;\"><span style=\"font-weight: 400;\">Fabriqu\u00e9 avec des mati\u00e8res r\u00e9sistantes (<\/span><i><span style=\"font-weight: 400;\">cordura, cuir, sangles et accessoires aux normes militaires<\/span><\/i><span style=\"font-weight: 400;\">) adapt\u00e9es \u00e0 la pratique sportive en salle ou en ext\u00e9rieur. The Rack Valet n\u2019en reste pas moins un accessoire chic et <\/span><span style=\"font-weight: 400;\">tendance<\/span><span style=\"font-weight: 400;\"> que vous n\u2019aurez pas honte de montrer.<\/span><\/p>\n<p>&nbsp;<\/p>\n<h3 class=\"h3\"><small class=\"small\"><b>La <\/b><b>solution de rangement<\/b><b> \u00e0 toujours avoir sur soi.\u00a0<\/b><\/small><\/h3>\n<p style=\"padding-left: 40px;\"><span style=\"font-weight: 400;\">Smartphone, cl\u00e9s, serviette de sport, barre prot\u00e9in\u00e9e, magn\u00e9sie liquide, sangles de levage,\u00a0 gants, maniques, corde \u00e0 sauter, taping, carnet d\u2019entra\u00eenement &amp; stylo\u2026 Vous en avez marre de tout poser au sol lorsque vous vous entra\u00eenez ?<\/span><\/p>\n<p style=\"padding-left: 40px;\"><span style=\"font-weight: 400;\">Avec The Rack Valet <\/span><span style=\"font-weight: 400;\">\u00ae<\/span><span style=\"font-weight: 400;\">, votre petit \u00e9quipement et vos affaires personnelles resteront toujours \u00e0 port\u00e9e de main pendant votre s\u00e9ance et ne tra\u00eeneront plus au sol.<\/span><\/p>\n<p style=\"padding-left: 40px;\"><span style=\"font-weight: 400;\">Gr\u00e2ce \u00e0 ses deux zones magn\u00e9tiques, \u00e0 sa poche zipp\u00e9e et sa poche ouverte et gr\u00e2ce aux multiples sangles de fixation, The Rack Valet \u00ae vous apporte une solution de transport et de <\/span><span style=\"font-weight: 400;\">rangement modulable<\/span><span style=\"font-weight: 400;\">, l\u00e9g\u00e8re et compacte.<\/span><\/p>\n<p>&nbsp;<\/p>\n<h3 class=\"h3\"><small class=\"small\"><b>The Rack Valet \u00ae, partout o\u00f9 vous vous entra\u00eenez !<\/b><\/small><\/h3>\n<p style=\"padding-left: 40px;\"><span style=\"font-weight: 400;\">Crossfit, Bodybuilding, Street Workout, Strongman ou Yoga, The Rack Valet \u00ae\u00a0 s\u2019adapte \u00e0 toutes les pratiques.\u00a0<\/span><\/p>\n<p style=\"padding-left: 40px;\"><span style=\"font-weight: 400;\">De plus, avec ses deux puissants aimants n\u00e9odyme ins\u00e9r\u00e9s aux extr\u00e9mit\u00e9s, vous pouvez fixer votre The Rack Valet <\/span><span style=\"font-weight: 400;\">\u00ae<\/span><span style=\"font-weight: 400;\"> sur diff\u00e9rents supports m\u00e9talliques <em>(cages et appareils de musculation, carrosserie de v\u00e9hicule, mobilier urbain\u2026)<\/em>.<\/span><\/p>\n<p style=\"padding-left: 40px;\"><span style=\"font-weight: 400;\">Et si vous n\u2019avez pas de support m\u00e9tallique \u00e0 proximit\u00e9, vous pouvez aussi utiliser la sangle de fermeture externe multi-usage <\/span><i><span style=\"font-weight: 400;\">(poign\u00e9e de transport, boucle de fixation d\u2019\u00e9quipement suppl\u00e9mentaire\u2026)<\/span><\/i><span style=\"font-weight: 400;\"> pour fixer votre The Rack Valet \u00ae.<\/span><\/p>\n<p>&nbsp;<\/p>\n<h3 class=\"h3\"><small class=\"small\"><b>Une utilisation simple, rapide et <\/b><b>pratique<\/b><b> !<\/b><\/small><\/h3>\n<p style=\"padding-left: 40px;\"><span style=\"font-weight: 400;\">Plein, The Rack Valet \u00ae peut \u00eatre referm\u00e9 rapidement gr\u00e2ce \u00e0 ses extr\u00e9mit\u00e9s magn\u00e9tiques et transport\u00e9 facilement \u00e0 l\u2019aide de la sangle externe.\u00a0\u00a0<\/span><\/p>\n<p style=\"padding-left: 40px;\"><span style=\"font-weight: 400;\">Vide, The Rack Valet \u00ae se referme en s\u2019enroulant sur lui-m\u00eame et sa compacit\u00e9 lui permet d\u2019\u00eatre gliss\u00e9 ais\u00e9ment dans une sacoche de travail, un sac de voyage\u2026\u00a0<\/span><\/p>\n<p>&nbsp;<\/p>\n<h2 class=\"h2\"><b>Votre The Rack Valet <\/b><b>\u00ae sur-mesure.\u00a0<\/b><\/h2>\n<p style=\"padding-left: 40px;\"><span style=\"font-weight: 400;\">Personnalisez et cr\u00e9ez un The Rack Valet \u00ae unique, \u00e0 votre image.<\/span><\/p>\n<p style=\"padding-left: 40px;\"><span style=\"font-weight: 400;\">Pour toute personnalisation :<\/span><\/p>\n<ol>\n<li style=\"list-style-type: none;\">\n<ol>\n<li style=\"font-weight: 400;\" aria-level=\"1\"><i><span style=\"font-weight: 400;\">Vous recevrez un mail contenant les instructions pour nous faire parvenir votre logo.<\/span><\/i><\/li>\n<li style=\"font-weight: 400;\" aria-level=\"1\"><i><span style=\"font-weight: 400;\">Suite \u00e0 la r\u00e9ception de votre logo, vous recevrez un aper\u00e7u digital de votre logo sur la zone choisie pour validation.<\/span><\/i><\/li>\n<li style=\"font-weight: 400;\" aria-level=\"1\"><i><span style=\"font-weight: 400;\">After your validation, your order will be shipped and you will receive a tracking number of your package.\u00a0<\/span><\/i><\/li>\n<\/ol>\n<\/li>\n<\/ol>\n<p style=\"padding-left: 40px;\"><i><span style=\"font-weight: 400;\">D\u00e9lais de personnalisation : 3 \u00e0 5 jours ouvrables suppl\u00e9mentaires.<\/span><\/i><\/p>\n<p style=\"padding-left: 40px;\" class=\"translation-block\"><strong>Customization of zone 1:<\/strong><br>\nDimensions: Cordura Range: 14\u00d714 cm ou Shorty Range: 10\u00d710 cm*<br>\nPrint type: Single Flocking, Quadri Flocking or Sublimation according to your logo<br>\nAccepted files: PDF, AI, PSD et PNG<\/p>\n<p style=\"padding-left: 40px;\" class=\"translation-block\"><strong>Personnalisation de la zone 2:<\/strong><br>\r\nDimensions: Gamme Cordura: 14\u00d740 cm ou Gamme Shorty: 10\u00d717 cm*<br>\r\nType d\u2019impression: Flocage simple, Flocage quadri ou Sublimation selon votre logo<br>\r\nFichiers Accept\u00e9s: PDF, AI, PSD et PNG<\/p>\n<p style=\"padding-left: 40px;\"><span style=\"font-weight: 400;\">* Les zones de personnalisation indiquent la taille maximale d\u2019impression en respectant les proportions de votre logo.<\/span><\/p>\n<p><img loading=\"lazy\" decoding=\"async\" class=\"alignnone size-medium wp-image-1322\" src=\"http:\/\/therackvalet.com\/wp-content\/uploads\/2017\/05\/DESSINS-TECHNIQUES-TRV-POSITIONS-300x212.jpg\" alt=\"\" width=\"300\" height=\"212\" srcset=\"https:\/\/therackvalet.com\/wp-content\/uploads\/2017\/05\/DESSINS-TECHNIQUES-TRV-POSITIONS-300x212.jpg 300w, https:\/\/therackvalet.com\/wp-content\/uploads\/2017\/05\/DESSINS-TECHNIQUES-TRV-POSITIONS-600x424.jpg 600w, https:\/\/therackvalet.com\/wp-content\/uploads\/2017\/05\/DESSINS-TECHNIQUES-TRV-POSITIONS-1024x724.jpg 1024w, https:\/\/therackvalet.com\/wp-content\/uploads\/2017\/05\/DESSINS-TECHNIQUES-TRV-POSITIONS-768x543.jpg 768w, https:\/\/therackvalet.com\/wp-content\/uploads\/2017\/05\/DESSINS-TECHNIQUES-TRV-POSITIONS.jpg 1415w\" sizes=\"auto, (max-width: 300px) 100vw, 300px\" \/><\/p>","protected":false},"excerpt":{"rendered":"<p><em><strong>Cordura Shorty Range<\/strong><\/em><\/p>\n<ul>\n<li>Camo Cordura shell<\/li>\n<li>Red leather patch<\/li>\n<li>Foam Mesh Pocket<\/li>\n<li>Milspec Materials &amp; Accessories<\/li>\n<li>2 magnetic areas<\/li>\n<li>Supports + 2.5kg load *<\/li>\n<li>Snap Buckle closure<\/li>\n<li>Size: 35 cm x 12 cm<\/li>\n<li>Made in Italy<\/li>\n<li>Included accessories: Metallic Sticker Plate (phone), Carabiner &amp; Carrying Bag<\/li>\n<li>Optional customization (details in description below)<\/li>\n<li>Optional FIDLOCK Magnetic Buckle<\/li>\n<\/ul>\n<p class=\"translation-block\"><strong><i>If you have chosen a customization, you will receive an email with instructions to follow. Customization time: 3 to 5 additional working days.<\/i><\/strong><\/p>","protected":false},"featured_media":2232,"comment_status":"open","ping_status":"closed","template":"","meta":[],"product_cat":[97,96],"product_tag":[114,110,115,116],"class_list":["post-2188","product","type-product","status-publish","has-post-thumbnail","hentry","product_cat-acceesoires","product_cat-home","product_tag-organiseur-magnetique","product_tag-pochette-magnetique-pour-le-sport","product_tag-pochette-magnetique-pour-smartphone","product_tag-sac-de-sport-magnetique-compact-pour-le-sport","thumb-has-effect","prod-rating-on"],"aioseo_notices":[],"_links":{"self":[{"href":"https:\/\/therackvalet.com\/en\/wp-json\/wp\/v2\/product\/2188","targetHints":{"allow":["GET"]}}],"collection":[{"href":"https:\/\/therackvalet.com\/en\/wp-json\/wp\/v2\/product"}],"about":[{"href":"https:\/\/therackvalet.com\/en\/wp-json\/wp\/v2\/types\/product"}],"replies":[{"embeddable":true,"href":"https:\/\/therackvalet.com\/en\/wp-json\/wp\/v2\/comments?post=2188"}],"wp:featuredmedia":[{"embeddable":true,"href":"https:\/\/therackvalet.com\/en\/wp-json\/wp\/v2\/media\/2232"}],"wp:attachment":[{"href":"https:\/\/therackvalet.com\/en\/wp-json\/wp\/v2\/media?parent=2188"}],"wp:term":[{"taxonomy":"product_cat","embeddable":true,"href":"https:\/\/therackvalet.com\/en\/wp-json\/wp\/v2\/product_cat?post=2188"},{"taxonomy":"product_tag","embeddable":true,"href":"https:\/\/therackvalet.com\/en\/wp-json\/wp\/v2\/product_tag?post=2188"}],"curies":[{"name":"wp","href":"https:\/\/api.w.org\/{rel}","templated":true}]}}